{"id":2,"date":"2011-07-03T20:14:53","date_gmt":"2011-07-03T20:14:53","guid":{"rendered":"http:\/\/themessagestudios.com\/clients\/marc\/?page_id=2"},"modified":"2013-05-14T11:24:26","modified_gmt":"2013-05-14T15:24:26","slug":"home","status":"publish","type":"page","link":"https:\/\/levycpa.ca\/fr\/","title":{"rendered":"Accueil"},"content":{"rendered":"<p><div class=\"top-col\">\u00ab\u00a0Est-ce que votre entreprise se situe sur la voie rapide ou \u00eates-vous coinc\u00e9 dans la circulation?\u00a0\u00bb<\/div><\/p>\n<div class=\"left-col\"><br \/>\nChez LEVY CPA, notre principale mission est de cr\u00e9er des possibilit\u00e9s de r\u00e9duction d\u2019imp\u00f4t et de report d\u2019imp\u00f4t sur le revenu. Notre expertise dans la mise en place de strat\u00e9gies ax\u00e9es sur la fiscalit\u00e9 offre aux entreprises l\u2019occasion de conserver leurs dollars durement gagn\u00e9s pour des investissements et activit\u00e9s d\u2019expansion.<\/p>\n<p>Que vous recherchiez une strat\u00e9gie de sortie ou que vous vous trouviez dans les premi\u00e8res ann\u00e9es de votre cycle \u00e9conomique, nous pouvons vous apporter les conseils n\u00e9cessaires pour aider votre entreprise \u00e0 conserver des flux de tr\u00e9sorerie optimaux tout en r\u00e9duisant au minimum la ponction fiscale.<\/p>\n<p>Pour de nombreuses personnes, interagir avec un comptable externe est un rituel qui ne se produit qu\u2019une fois par an et qui est consid\u00e9r\u00e9 comme envahissant et de peu de valeur. Notre intention est de transformer cette pratique d\u00e9pass\u00e9e et de vous montrer \u00e0 la place une meilleure approche.<br \/>\n<\/div>\n<div class=\"right-col\">\n<p>En encourageant et en entretenant un dialogue continu aupr\u00e8s de nos clients, nous devenons des conseillers d\u2019affaires de confiance, ce qui nous permet de\u00a0 pr\u00e9senter des strat\u00e9gies d\u2019\u00e9conomie d\u2019argent non conventionnelles que nous mettons en \u0153uvre en fonction des besoins de nos clients.<\/p>\n<p>Notre \u00e9quipe professionnelle est tr\u00e8s engag\u00e9e envers notre client\u00e8le et nous sommes \u00e0 votre disposition pour vous aider dans tous vos probl\u00e8mes de comptabilit\u00e9, de financement et de fiscalit\u00e9. La satisfaction du client est notre priorit\u00e9 absolue et apr\u00e8s une seule rencontre, nous sommes convaincus que vous serez d\u2019accord sur ce point.<\/p>\n<p>Nous nous r\u00e9jouissons \u00e0 l\u2019avance de pouvoir vous montrer comment tirer le plus de profit de votre relation avec nous, votre Comptable Professionnel Agr\u00e9\u00e9.<\/p>\n<p><\/div><\/p>","protected":false},"excerpt":{"rendered":"","protected":false},"author":1,"featured_media":314,"parent":0,"menu_order":0,"comment_status":"open","ping_status":"open","template":"tpl-two-col-content.php","meta":{"footnotes":""},"class_list":["post-2","page","type-page","status-publish","has-post-thumbnail","hentry"],"_links":{"self":[{"href":"https:\/\/levycpa.ca\/fr\/wp-json\/wp\/v2\/pages\/2","targetHints":{"allow":["GET"]}}],"collection":[{"href":"https:\/\/levycpa.ca\/fr\/wp-json\/wp\/v2\/pages"}],"about":[{"href":"https:\/\/levycpa.ca\/fr\/wp-json\/wp\/v2\/types\/page"}],"author":[{"embeddable":true,"href":"https:\/\/levycpa.ca\/fr\/wp-json\/wp\/v2\/users\/1"}],"replies":[{"embeddable":true,"href":"https:\/\/levycpa.ca\/fr\/wp-json\/wp\/v2\/comments?post=2"}],"version-history":[{"count":20,"href":"https:\/\/levycpa.ca\/fr\/wp-json\/wp\/v2\/pages\/2\/revisions"}],"predecessor-version":[{"id":333,"href":"https:\/\/levycpa.ca\/fr\/wp-json\/wp\/v2\/pages\/2\/revisions\/333"}],"wp:featuredmedia":[{"embeddable":true,"href":"https:\/\/levycpa.ca\/fr\/wp-json\/wp\/v2\/media\/314"}],"wp:attachment":[{"href":"https:\/\/levycpa.ca\/fr\/wp-json\/wp\/v2\/media?parent=2"}],"curies":[{"name":"wp","href":"https:\/\/api.w.org\/{rel}","templated":true}]}}