{"id":265,"date":"2012-02-27T05:31:32","date_gmt":"2012-02-27T10:31:32","guid":{"rendered":"http:\/\/marklevy.ca\/?page_id=265"},"modified":"2012-03-05T07:38:53","modified_gmt":"2012-03-05T12:38:53","slug":"all-accounting-services","status":"publish","type":"page","link":"https:\/\/levycpa.ca\/fr\/services\/all-accounting-services\/","title":{"rendered":"Tous les Services de Comptabilit\u00e9"},"content":{"rendered":"<p><\/p>\n<h3>Comptabilit\u00e9<\/h3>\n<p>Afin que les informations financi\u00e8res puissent apporter de la valeur, elles doivent \u00eatre disponibles en temps voulu et pr\u00e9sent\u00e9es de mani\u00e8re ad\u00e9quate. Un grand nombre de nos clients sont nouveaux dans le monde des affaires et ils ont pu compter sur notre exp\u00e9rience pour les aider \u00e0 naviguer \u00e0 travers ces eaux tumultueuses. Des documents financiers sens\u00e9s et bien organis\u00e9s garantissent une plus grande efficacit\u00e9 dans toutes vos activit\u00e9s quotidiennes d\u2019entreprise. Notre cabinet vous offre tout un ensemble de services de comptabilit\u00e9 efficients parmi lesquels sont inclus les suivants:<\/p>\n<ul>\n<li>Pr\u00e9paration des \u00e9tats financiers<\/li>\n<li>Tenue des comptes (mensuelle, trimestrielle, annuelle)<\/li>\n<li>Syst\u00e8me \u00a0de comptabililit\u00e9 et installation de logiciel de comptabilit\u00e9 pour les nouvelles entreprises<\/li>\n<li>Pr\u00e9paration de la TPS\/TVH et de la TVQ<\/li>\n<li>\u00c9tats financiers personnels<\/li>\n<\/ul>\n<h3>\u00c9tats financiers<\/h3>\n<p>Dans l\u2019environnement actuel des affaires, les clients recherchent des solutions \u00e9conomiques pour r\u00e9pondre \u00e0 leurs besoins en mati\u00e8re de rapports financiers. Dans de nombreux cas, les \u00e9tats financiers fond\u00e9s sur la certitude ne sont pas n\u00e9cessaires car les co\u00fbts d\u00e9passent les avantages. Nous avons l\u2019exp\u00e9rience n\u00e9cessaire pour discuter de ces besoins avec votre pr\u00eateur et d\u2019autres utilisateurs d\u2019\u00e9tats financiers \u00a0afin de vous aider \u00e0 n\u00e9gocier la solution la plus avantageuse pour vous.<\/p>\n<p>Bien que la plupart de nos clients per\u00e7oive la\u00a0 tr\u00e8s grande valeur des missions de compilation, nous offrons une r\u00e9vision des missions de certification et aidons nos clients \u00e0 pr\u00e9parer leurs propres \u00e9tats financiers en conformit\u00e9 avec les normes professionnelles.<\/p>\n<h3>Conseil et financement d\u2019entreprise<\/h3>\n<p>En tant que propri\u00e9taire d\u2019entreprise, vous comprenez intuitivement que votre r\u00e9ussite d\u00e9pend d\u2019une quantit\u00e9 suffisante de flux de tr\u00e9sorerie et de la possibilit\u00e9 de trouver du financement. Malheureusement, pour les entreprises sans dossier \u00e9tabli de r\u00e9f\u00e9rences, les sources de financement sont souvent difficiles d\u2019acc\u00e8s et cette situation engendre beaucoup de stress et de frustration. Que pouvez-vous faire lorsque vous comprenez la d\u00e9marche \u00e0 suivre pour atteindre vos objectifs mais que la banque n\u2019est pas pr\u00eate \u00e0 coop\u00e9rer ?<\/p>\n<p>Nous pouvons vous aider dans vos d\u00e9marches non seulement en pr\u00e9parant le plan d\u2019affaires n\u00e9cessaire et la documentation pertinente mais \u00e9galement en soumettant votre dossier \u00e0 notre propore r\u00e9seau de repr\u00e9sentants bancaires et vous faire ainsi profiter de la cr\u00e9dibilit\u00e9 que nous avons \u00e9tablie. Les pr\u00eateurs avec lesquels nous travaillons savent que lorsque nous acceptons un client pour une proposition de financement, nous allons activement soutenir les propri\u00e9taires d\u2019entreprises \u00e0 g\u00e9rer leur entreprise. \u00a0Ce soutien est consid\u00e9r\u00e9 par la banque comme un point \u00a0positif et peut \u00eatre le catalyseur qui va d\u00e9terminer l\u2019admissibilit\u00e9 du dossier.<br \/>\n<\/p>","protected":false},"excerpt":{"rendered":"<p>\u2026<\/p>\n","protected":false},"author":1,"featured_media":46,"parent":8,"menu_order":0,"comment_status":"closed","ping_status":"open","template":"","meta":{"footnotes":""},"class_list":["post-265","page","type-page","status-publish","has-post-thumbnail","hentry"],"_links":{"self":[{"href":"https:\/\/levycpa.ca\/fr\/wp-json\/wp\/v2\/pages\/265","targetHints":{"allow":["GET"]}}],"collection":[{"href":"https:\/\/levycpa.ca\/fr\/wp-json\/wp\/v2\/pages"}],"about":[{"href":"https:\/\/levycpa.ca\/fr\/wp-json\/wp\/v2\/types\/page"}],"author":[{"embeddable":true,"href":"https:\/\/levycpa.ca\/fr\/wp-json\/wp\/v2\/users\/1"}],"replies":[{"embeddable":true,"href":"https:\/\/levycpa.ca\/fr\/wp-json\/wp\/v2\/comments?post=265"}],"version-history":[{"count":4,"href":"https:\/\/levycpa.ca\/fr\/wp-json\/wp\/v2\/pages\/265\/revisions"}],"predecessor-version":[{"id":325,"href":"https:\/\/levycpa.ca\/fr\/wp-json\/wp\/v2\/pages\/265\/revisions\/325"}],"up":[{"embeddable":true,"href":"https:\/\/levycpa.ca\/fr\/wp-json\/wp\/v2\/pages\/8"}],"wp:featuredmedia":[{"embeddable":true,"href":"https:\/\/levycpa.ca\/fr\/wp-json\/wp\/v2\/media\/46"}],"wp:attachment":[{"href":"https:\/\/levycpa.ca\/fr\/wp-json\/wp\/v2\/media?parent=265"}],"curies":[{"name":"wp","href":"https:\/\/api.w.org\/{rel}","templated":true}]}}