{"id":6,"date":"2011-07-03T16:21:43","date_gmt":"2011-07-03T20:21:43","guid":{"rendered":"http:\/\/themessagestudios.com\/clients\/marc\/?page_id=6"},"modified":"2020-01-24T11:14:42","modified_gmt":"2020-01-24T16:14:42","slug":"company","status":"publish","type":"page","link":"https:\/\/levycpa.ca\/fr\/company\/","title":{"rendered":"Notre Cabinet"},"content":{"rendered":"<p><div class=\"top-col\">Chez \u00a0LEVY CPA, nous comprenons que notre activit\u00e9 consiste en fait \u00e0 vendre de la confiance. Bien que la profession de comptable professionnel agr\u00e9\u00e9 soit fond\u00e9e sur des aptitudes techniques telles que la comptabilit\u00e9, l\u2019assurance et la fiscalit\u00e9, notre objectif premier est de r\u00e9duire, voire d\u2019\u00e9liminer le stress de nos clients.<\/div><\/p>\n<div class=\"left-col\"><\/p>\n<p>Notre engagement envers l\u2019excellence s\u2019est manifest\u00e9 sous la forme du d\u00e9sir profond de s\u2019assurer que nos services apportent une valeur r\u00e9elle \u00e0 nos clients. Cette approche ax\u00e9e sur la valeur ajout\u00e9e garantit que nous \u00e9tablissons des relations de travail \u00e9troites et de longue dur\u00e9e avec nos clients qui finissent par nous consid\u00e9rer comme des conseillers d\u2019affaires fiables.\u00a0 L\u2019entretien de cette relation nous permet de d\u00e9passer r\u00e9guli\u00e8rement les attentes de nos clients et de leur apporter des conseils avis\u00e9s et utiles en temps voulu.<\/p>\n<p>Nous nous effor\u00e7ons de pr\u00e9senter des questions pointues de mani\u00e8re claire et compr\u00e9hensible afin d\u2019\u00e9viter d\u2019autres sources de stress suppl\u00e9mentaire. Nos clients peuvent ainsi concentrer leur \u00e9nergie sur la croissance de leur entreprise.<\/p>\n<p>Mark Levy est le membre fondateur du cabinet. Apr\u00e8s l\u2019obtention de son Baccalaur\u00e9at en \u00e9conomie de l\u2019universit\u00e9 McGill en 1991, il pousuit ses \u00e9tudes et obtient un dipl\u00f4me d\u2019\u00e9tudes sup\u00e9rieures en expertise comptable en 1997. En 1999, Mark re\u00e7oit sa d\u00e9signation de CA suivie de celle de CPA (\u00c9tats Unis) en 2000. En dernier lieu, en 2009, il termine ses \u00e9tudes en fiscalit\u00e9 pour l\u2019obtention d\u2019une ma\u00eetrise en droit fiscal.<\/p>\n<p><\/div>\n<div class=\"right-col\">\n<p>Mark commence sa carri\u00e8re de comptable en 1998 en travaillant pour le cabinet multinational Ernst &amp; Young au sein de leur groupe des secteurs du d\u00e9tail et de la fabrication. Par la suite, il perfectionne ses comp\u00e9tences de v\u00e9rification et de comptablilit\u00e9 aupr\u00e8s d\u2019un autre\u00a0 cabinet multinational, Deloitte &amp; Touch, en se concentrant sur l\u2019\u00e9laboration des rapports d\u2019intitutions financi\u00e8res.<\/p>\n<p>Dot\u00e9 d\u2019une solide exp\u00e9rience en v\u00e9rification, Mark se joint ensuite au service fiscal d\u2019un cabinet montr\u00e9alais qui dessert principalement des entreprises ind\u00e9pendantes. Finalement, Mark va travailler pour la firme KPMG en tant que directeur du service fiscal international charg\u00e9 principalement des questions \u00a0de fiscalit\u00e9 transfrontali\u00e8re avec les \u00c9tats-Unis.<\/p>\n<p>En 2007, riche d\u2019une grande exp\u00e9rience sur le terrain et d\u2019un ensemble solide de comp\u00e9tences, Mark fonde son propre cabinet dont l\u2019objectif principal est de donner aux propri\u00e9taires de petites entreprises l\u2019occasion de b\u00e9n\u00e9ficier de son expertise technique des grands cabinets comptables tout en apportant \u00a0\u00a0\u00a0\u00a0l\u2019 attention personnelle d\u2019un petit cabinet. L\u2019int\u00e9r\u00eat et la passion de Mark pour le domaine de la fiscalit\u00e9 ont d\u00e9fini d\u00e8s le premier jour la vision du cabinet.<\/p>\n<p><\/div><\/p>","protected":false},"excerpt":{"rendered":"","protected":false},"author":1,"featured_media":316,"parent":0,"menu_order":10,"comment_status":"closed","ping_status":"open","template":"tpl-two-col-content.php","meta":{"footnotes":""},"class_list":["post-6","page","type-page","status-publish","has-post-thumbnail","hentry"],"_links":{"self":[{"href":"https:\/\/levycpa.ca\/fr\/wp-json\/wp\/v2\/pages\/6","targetHints":{"allow":["GET"]}}],"collection":[{"href":"https:\/\/levycpa.ca\/fr\/wp-json\/wp\/v2\/pages"}],"about":[{"href":"https:\/\/levycpa.ca\/fr\/wp-json\/wp\/v2\/types\/page"}],"author":[{"embeddable":true,"href":"https:\/\/levycpa.ca\/fr\/wp-json\/wp\/v2\/users\/1"}],"replies":[{"embeddable":true,"href":"https:\/\/levycpa.ca\/fr\/wp-json\/wp\/v2\/comments?post=6"}],"version-history":[{"count":21,"href":"https:\/\/levycpa.ca\/fr\/wp-json\/wp\/v2\/pages\/6\/revisions"}],"predecessor-version":[{"id":354,"href":"https:\/\/levycpa.ca\/fr\/wp-json\/wp\/v2\/pages\/6\/revisions\/354"}],"wp:featuredmedia":[{"embeddable":true,"href":"https:\/\/levycpa.ca\/fr\/wp-json\/wp\/v2\/media\/316"}],"wp:attachment":[{"href":"https:\/\/levycpa.ca\/fr\/wp-json\/wp\/v2\/media?parent=6"}],"curies":[{"name":"wp","href":"https:\/\/api.w.org\/{rel}","templated":true}]}}